{"id":8,"date":"2025-01-06T20:12:31","date_gmt":"2025-01-06T20:12:31","guid":{"rendered":"https:\/\/grupo-fl.es\/tpv\/carrito\/"},"modified":"2025-02-13T20:28:05","modified_gmt":"2025-02-13T20:28:05","slug":"carrito","status":"publish","type":"page","link":"https:\/\/grupo-fl.es\/tpv\/carrito\/","title":{"rendered":"Carri\u00f1o"},"content":{"rendered":"\r\n<div data-block-name=\"woocommerce\/cart\" class=\"wp-block-woocommerce-cart alignwide is-loading\">\r\n<div data-block-name=\"woocommerce\/filled-cart-block\" class=\"wp-block-woocommerce-filled-cart-block\">\r\n<div data-block-name=\"woocommerce\/cart-items-block\" class=\"wp-block-woocommerce-cart-items-block\">\r\n<div data-block-name=\"woocommerce\/cart-line-items-block\" class=\"wp-block-woocommerce-cart-line-items-block\">\u00a0<\/div>\r\n\r\n\r\n\r\n<div data-block-name=\"woocommerce\/cart-cross-sells-block\" class=\"wp-block-woocommerce-cart-cross-sells-block\">\r\n<h2 class=\"wp-block-heading has-large-font-size\">Pode que lle interese\u2026<\/h2>\r\n\r\n\r\n\r\n<div data-block-name=\"woocommerce\/cart-cross-sells-products-block\" class=\"wp-block-woocommerce-cart-cross-sells-products-block\">\u00a0<\/div>\r\n<\/div>\r\n<\/div>\r\n\r\n\r\n\r\n<div data-block-name=\"woocommerce\/cart-totals-block\" class=\"wp-block-woocommerce-cart-totals-block\">\r\n<div data-block-name=\"woocommerce\/cart-order-summary-block\" class=\"wp-block-woocommerce-cart-order-summary-block\">\r\n<div data-block-name=\"woocommerce\/cart-order-summary-heading-block\" class=\"wp-block-woocommerce-cart-order-summary-heading-block\">\u00a0<\/div>\r\n\r\n\r\n\r\n<div data-block-name=\"woocommerce\/cart-order-summary-coupon-form-block\" class=\"wp-block-woocommerce-cart-order-summary-coupon-form-block\">\u00a0<\/div>\r\n\r\n\r\n\r\n\r\n\r\n\r\n\r\n\r\n\r\n\r\n\r\n\r\n\r\n\r\n\r\n\r\n\r\n\r\n\r\n<div data-block-name=\"woocommerce\/cart-order-summary-totals-block\" class=\"wp-block-woocommerce-cart-order-summary-totals-block\">\n<div data-block-name=\"woocommerce\/cart-order-summary-subtotal-block\" class=\"wp-block-woocommerce-cart-order-summary-subtotal-block\">\u00a0<\/div>\n<div data-block-name=\"woocommerce\/cart-order-summary-discount-block\" class=\"wp-block-woocommerce-cart-order-summary-discount-block\">\u00a0<\/div>\n<div data-block-name=\"woocommerce\/cart-order-summary-fee-block\" class=\"wp-block-woocommerce-cart-order-summary-fee-block\">\u00a0<\/div>\n<div data-block-name=\"woocommerce\/cart-order-summary-shipping-block\" class=\"wp-block-woocommerce-cart-order-summary-shipping-block\">\u00a0<\/div>\n<div data-block-name=\"woocommerce\/cart-order-summary-taxes-block\" class=\"wp-block-woocommerce-cart-order-summary-taxes-block\">\u00a0<\/div><\/div>\r\n<\/div>\r\n\r\n\r\n\r\n<div data-block-name=\"woocommerce\/cart-express-payment-block\" class=\"wp-block-woocommerce-cart-express-payment-block\">\u00a0<\/div>\r\n\r\n\r\n\r\n<div data-block-name=\"woocommerce\/proceed-to-checkout-block\" class=\"wp-block-woocommerce-proceed-to-checkout-block\">\u00a0<\/div>\r\n\r\n\r\n\r\n<div data-block-name=\"woocommerce\/cart-accepted-payment-methods-block\" class=\"wp-block-woocommerce-cart-accepted-payment-methods-block\">\u00a0<\/div>\r\n<\/div>\r\n<\/div>\r\n\r\n\r\n\r\n<div data-block-name=\"woocommerce\/empty-cart-block\" class=\"wp-block-woocommerce-empty-cart-block\">\r\n<h2 class=\"wp-block-heading has-text-align-center with-empty-cart-icon wc-block-cart__empty-cart__title\">O seu carri\u00f1o est\u00e1 actualmente baleiro!<\/h2>\r\n\r\n\r\n<hr class=\"wp-block-separator has-alpha-channel-opacity is-style-dots\" \/>\r\n\r\n\r\n<h2 class=\"wp-block-heading has-text-align-center\">Novo na tenda<\/h2>\r\n\r\n\r\n<div data-block-name=\"woocommerce\/product-new\" data-columns=\"4\" data-rows=\"1\" class=\"wc-block-grid wp-block-product-new wp-block-woocommerce-product-new wc-block-product-new has-4-columns\"><ul class=\"wc-block-grid__products\"><li class=\"wc-block-grid__product\">\n\t\t\t\t<a href=\"https:\/\/grupo-fl.es\/tpv\/producto\/alta-actfis\/\" class=\"wc-block-grid__product-link\">\n\t\t\t\t\t\n\t\t\t\t\t<div class=\"wc-block-grid__product-image\"><img loading=\"lazy\" decoding=\"async\" width=\"256\" height=\"256\" src=\"https:\/\/grupo-fl.es\/tpv\/wp-content\/uploads\/2025\/02\/business_package_box_accept_productorpackagetoaccept_negocio_paquet_2334.png\" class=\"attachment-woocommerce_thumbnail size-woocommerce_thumbnail\" alt=\"Alta ActFis-Galicia Activa Xunta Galicia\" srcset=\"https:\/\/grupo-fl.es\/tpv\/wp-content\/uploads\/2025\/02\/business_package_box_accept_productorpackagetoaccept_negocio_paquet_2334.png 256w, https:\/\/grupo-fl.es\/tpv\/wp-content\/uploads\/2025\/02\/business_package_box_accept_productorpackagetoaccept_negocio_paquet_2334-150x150.png 150w, https:\/\/grupo-fl.es\/tpv\/wp-content\/uploads\/2025\/02\/business_package_box_accept_productorpackagetoaccept_negocio_paquet_2334-100x100.png 100w\" sizes=\"auto, (max-width: 256px) 100vw, 256px\" \/><\/div>\n\t\t\t\t\t<div class=\"wc-block-grid__product-title\">Alta ActFis-Galicia Activa Xunta Galicia<\/div>\n\t\t\t\t<\/a>\n\t\t\t\t<div class=\"wc-block-grid__product-price price\"><span class=\"woocommerce-Price-amount amount\" aria-hidden=\"true\">75,00&nbsp;<span class=\"woocommerce-Price-currencySymbol\">&euro;<\/span><\/span> <span aria-hidden=\"true\">&#8211;<\/span> <span class=\"woocommerce-Price-amount amount\" aria-hidden=\"true\">500,00&nbsp;<span class=\"woocommerce-Price-currencySymbol\">&euro;<\/span><\/span><span class=\"screen-reader-text\">Rango de precios: desde 75,00&nbsp;&euro; hasta 500,00&nbsp;&euro;<\/span> <small class=\"woocommerce-price-suffix\">IVE non inclu\u00eddo \/ Impostos exclu\u00eddos<\/small><\/div>\n\t\t\t\t\n\t\t\t\t<div class=\"wp-block-button wc-block-grid__product-add-to-cart\"><a href=\"https:\/\/grupo-fl.es\/tpv\/producto\/alta-actfis\/\" aria-label=\"Elige las opciones para &ldquo;Alta ActFis-Galicia Activa Xunta Galicia&rdquo;\" data-quantity=\"1\" data-product_id=\"67\" data-product_sku=\"\" data-price=\"75\" rel=\"nofollow\" class=\"wp-block-button__link  add_to_cart_button\">Seleccionar opciones<\/a><\/div>\n\t\t\t<\/li><li class=\"wc-block-grid__product\">\n\t\t\t\t<a href=\"https:\/\/grupo-fl.es\/tpv\/producto\/servizo-de-implantacion-do-protocolo-de-proteccion-a-infancia-no-deporte\/\" class=\"wc-block-grid__product-link\">\n\t\t\t\t\t\n\t\t\t\t\t<div class=\"wc-block-grid__product-image\"><img loading=\"lazy\" decoding=\"async\" width=\"256\" height=\"256\" src=\"https:\/\/grupo-fl.es\/tpv\/wp-content\/uploads\/2025\/02\/delete_delete_deleteusers_delete_male_user_maleclient_2348.png\" class=\"attachment-woocommerce_thumbnail size-woocommerce_thumbnail\" alt=\"Servizo de implantaci\u00f3n do Protocolo de Protecci\u00f3n \u00e1 Infancia no Deporte\" srcset=\"https:\/\/grupo-fl.es\/tpv\/wp-content\/uploads\/2025\/02\/delete_delete_deleteusers_delete_male_user_maleclient_2348.png 256w, https:\/\/grupo-fl.es\/tpv\/wp-content\/uploads\/2025\/02\/delete_delete_deleteusers_delete_male_user_maleclient_2348-150x150.png 150w, https:\/\/grupo-fl.es\/tpv\/wp-content\/uploads\/2025\/02\/delete_delete_deleteusers_delete_male_user_maleclient_2348-100x100.png 100w\" sizes=\"auto, (max-width: 256px) 100vw, 256px\" \/><\/div>\n\t\t\t\t\t<div class=\"wc-block-grid__product-title\">Servizo de implantaci\u00f3n do Protocolo de Protecci\u00f3n \u00e1 Infancia no Deporte<\/div>\n\t\t\t\t<\/a>\n\t\t\t\t<div class=\"wc-block-grid__product-price price\"><span class=\"woocommerce-Price-amount amount\">150,00&nbsp;<span class=\"woocommerce-Price-currencySymbol\">&euro;<\/span><\/span> <small class=\"woocommerce-price-suffix\">IVE non inclu\u00eddo \/ Impostos exclu\u00eddos<\/small><\/div>\n\t\t\t\t\n\t\t\t\t<div class=\"wp-block-button wc-block-grid__product-add-to-cart\"><a href=\"\/tpv\/wp-json\/wp\/v2\/pages\/8?add-to-cart=64\" aria-label=\"A\u00f1adir al carrito: &ldquo;Servizo de implantaci\u00f3n do Protocolo de Protecci\u00f3n \u00e1 Infancia no Deporte&rdquo;\" data-quantity=\"1\" data-product_id=\"64\" data-product_sku=\"\" data-price=\"150\" rel=\"nofollow\" class=\"wp-block-button__link  add_to_cart_button ajax_add_to_cart\">A\u00f1adir al carrito<\/a><\/div>\n\t\t\t<\/li><li class=\"wc-block-grid__product\">\n\t\t\t\t<a href=\"https:\/\/grupo-fl.es\/tpv\/producto\/modificacion-estatutos\/\" class=\"wc-block-grid__product-link\">\n\t\t\t\t\t\n\t\t\t\t\t<div class=\"wc-block-grid__product-image\"><img loading=\"lazy\" decoding=\"async\" width=\"256\" height=\"256\" src=\"https:\/\/grupo-fl.es\/tpv\/wp-content\/uploads\/2025\/02\/trade_report_reports_documents_2351.png\" class=\"attachment-woocommerce_thumbnail size-woocommerce_thumbnail\" alt=\"Modificaci\u00f3n de Estatutos en Entidades Deportivas\" srcset=\"https:\/\/grupo-fl.es\/tpv\/wp-content\/uploads\/2025\/02\/trade_report_reports_documents_2351.png 256w, https:\/\/grupo-fl.es\/tpv\/wp-content\/uploads\/2025\/02\/trade_report_reports_documents_2351-150x150.png 150w, https:\/\/grupo-fl.es\/tpv\/wp-content\/uploads\/2025\/02\/trade_report_reports_documents_2351-100x100.png 100w\" sizes=\"auto, (max-width: 256px) 100vw, 256px\" \/><\/div>\n\t\t\t\t\t<div class=\"wc-block-grid__product-title\">Modificaci\u00f3n de Estatutos en Entidades Deportivas<\/div>\n\t\t\t\t<\/a>\n\t\t\t\t<div class=\"wc-block-grid__product-price price\"><span class=\"woocommerce-Price-amount amount\">250,00&nbsp;<span class=\"woocommerce-Price-currencySymbol\">&euro;<\/span><\/span> <small class=\"woocommerce-price-suffix\">IVE non inclu\u00eddo \/ Impostos exclu\u00eddos<\/small><\/div>\n\t\t\t\t\n\t\t\t\t<div class=\"wp-block-button wc-block-grid__product-add-to-cart\"><a href=\"\/tpv\/wp-json\/wp\/v2\/pages\/8?add-to-cart=63\" aria-label=\"A\u00f1adir al carrito: &ldquo;Modificaci\u00f3n de Estatutos en Entidades Deportivas&rdquo;\" data-quantity=\"1\" data-product_id=\"63\" data-product_sku=\"\" data-price=\"250\" rel=\"nofollow\" class=\"wp-block-button__link  add_to_cart_button ajax_add_to_cart\">A\u00f1adir al carrito<\/a><\/div>\n\t\t\t<\/li><li class=\"wc-block-grid__product\">\n\t\t\t\t<a href=\"https:\/\/grupo-fl.es\/tpv\/producto\/certificado-dixital-de-asociacions-e-entidades-deportivas-sen-animo-de-lucro\/\" class=\"wc-block-grid__product-link\">\n\t\t\t\t\t\n\t\t\t\t\t<div class=\"wc-block-grid__product-image\"><img loading=\"lazy\" decoding=\"async\" width=\"256\" height=\"256\" src=\"https:\/\/grupo-fl.es\/tpv\/wp-content\/uploads\/2025\/02\/iconfinder-sslcertificate-4263529_117858.png\" class=\"attachment-woocommerce_thumbnail size-woocommerce_thumbnail\" alt=\"Certificado Dixital de Asociaci\u00f3ns e Entidades Deportivas (sen \u00e1nimo de lucro)\" srcset=\"https:\/\/grupo-fl.es\/tpv\/wp-content\/uploads\/2025\/02\/iconfinder-sslcertificate-4263529_117858.png 256w, https:\/\/grupo-fl.es\/tpv\/wp-content\/uploads\/2025\/02\/iconfinder-sslcertificate-4263529_117858-150x150.png 150w, https:\/\/grupo-fl.es\/tpv\/wp-content\/uploads\/2025\/02\/iconfinder-sslcertificate-4263529_117858-100x100.png 100w\" sizes=\"auto, (max-width: 256px) 100vw, 256px\" \/><\/div>\n\t\t\t\t\t<div class=\"wc-block-grid__product-title\">Certificado Dixital de Asociaci\u00f3ns e Entidades Deportivas (sen \u00e1nimo de lucro)<\/div>\n\t\t\t\t<\/a>\n\t\t\t\t<div class=\"wc-block-grid__product-price price\"><span class=\"woocommerce-Price-amount amount\" aria-hidden=\"true\">70,00&nbsp;<span class=\"woocommerce-Price-currencySymbol\">&euro;<\/span><\/span> <span aria-hidden=\"true\">&#8211;<\/span> <span class=\"woocommerce-Price-amount amount\" aria-hidden=\"true\">185,00&nbsp;<span class=\"woocommerce-Price-currencySymbol\">&euro;<\/span><\/span><span class=\"screen-reader-text\">Rango de precios: desde 70,00&nbsp;&euro; hasta 185,00&nbsp;&euro;<\/span> <small class=\"woocommerce-price-suffix\">IVE non inclu\u00eddo \/ Impostos exclu\u00eddos<\/small><\/div>\n\t\t\t\t\n\t\t\t\t<div class=\"wp-block-button wc-block-grid__product-add-to-cart\"><a href=\"https:\/\/grupo-fl.es\/tpv\/producto\/certificado-dixital-de-asociacions-e-entidades-deportivas-sen-animo-de-lucro\/\" aria-label=\"Elige las opciones para &ldquo;Certificado Dixital de Asociaci\u00f3ns e Entidades Deportivas (sen \u00e1nimo de lucro)&rdquo;\" data-quantity=\"1\" data-product_id=\"55\" data-product_sku=\"\" data-price=\"70\" rel=\"nofollow\" class=\"wp-block-button__link  add_to_cart_button\">Seleccionar opciones<\/a><\/div>\n\t\t\t<\/li><\/ul><\/div><\/div>\r\n<\/div>\r\n","protected":false},"excerpt":{"rendered":"","protected":false},"author":1,"featured_media":0,"parent":0,"menu_order":0,"comment_status":"closed","ping_status":"closed","template":"","meta":{"footnotes":""},"class_list":["post-8","page","type-page","status-publish","hentry"],"_links":{"self":[{"href":"https:\/\/grupo-fl.es\/tpv\/wp-json\/wp\/v2\/pages\/8","targetHints":{"allow":["GET"]}}],"collection":[{"href":"https:\/\/grupo-fl.es\/tpv\/wp-json\/wp\/v2\/pages"}],"about":[{"href":"https:\/\/grupo-fl.es\/tpv\/wp-json\/wp\/v2\/types\/page"}],"author":[{"embeddable":true,"href":"https:\/\/grupo-fl.es\/tpv\/wp-json\/wp\/v2\/users\/1"}],"replies":[{"embeddable":true,"href":"https:\/\/grupo-fl.es\/tpv\/wp-json\/wp\/v2\/comments?post=8"}],"version-history":[{"count":3,"href":"https:\/\/grupo-fl.es\/tpv\/wp-json\/wp\/v2\/pages\/8\/revisions"}],"predecessor-version":[{"id":16,"href":"https:\/\/grupo-fl.es\/tpv\/wp-json\/wp\/v2\/pages\/8\/revisions\/16"}],"wp:attachment":[{"href":"https:\/\/grupo-fl.es\/tpv\/wp-json\/wp\/v2\/media?parent=8"}],"curies":[{"name":"wp","href":"https:\/\/api.w.org\/{rel}","templated":true}]}}