{"id":31,"date":"2025-02-13T16:34:30","date_gmt":"2025-02-13T16:34:30","guid":{"rendered":"https:\/\/grupo-fl.es\/tpv\/?post_type=product&#038;p=31"},"modified":"2025-02-13T20:44:37","modified_gmt":"2025-02-13T20:44:37","slug":"creacion-de-entidades-deportivas","status":"publish","type":"product","link":"https:\/\/grupo-fl.es\/tpv\/producto\/creacion-de-entidades-deportivas\/","title":{"rendered":"Creaci\u00f3n de Entidades Deportivas"},"content":{"rendered":"<h3>Creaci\u00f3n de Entidades Deportivas<\/h3>\n<p>O <strong>Rexistro de Entidades Deportivas de Galicia<\/strong> ten por finalidade a inscrici\u00f3n das entidades deportivas reguladas na Lei 3\/2012, do 2 de abril, do deporte de Galicia, as\u00ed como de actos e datos relativos a estas, nos termos establecidos na lei.<\/p>\n<p>O Rexistro de Entidades Deportivas de Galicia (Redega) <strong>regula a inscrici\u00f3n de entidades deportivas segundo a Lei 3\/2012.<\/strong><\/p>\n<p>O proceso real\u00edzase<strong> v\u00eda sede electr\u00f3nica<\/strong> e require certificaci\u00f3n negativa de denominaci\u00f3n, inscrici\u00f3n con NIF, estatutos, acta fundacional e pagamento de taxas. Ademais, a entidade debe darse de alta na Axencia Tributaria (NIF) e no DEH\u00fa.<\/p>\n<p><strong>FL Consultores encargarase de xestionar t\u00f3dolos tr\u00e1mites, inclu\u00edndo a planificaci\u00f3n de prazos e o pagamento das taxas correspondentes.<\/strong><\/p>\n<p>Deben remitirnos (en subir arquivos):<\/p>\n<ul>\n<li>Copias dos DNI&#8217;s dos 5 socios fundadores da entidade<\/li>\n<li>Un documento co tipo de entidade que desexan dar de alta: club deportivo\/ unha agrupaci\u00f3n deportiva escolar\/ unha secci\u00f3n deportiva\/ unha federaci\u00f3n deportiva<\/li>\n<li>Un documento con 3 posibles nomes \/ denominaci\u00f3ns para a entidade (indicar a orde de preferencia)<\/li>\n<\/ul>\n","protected":false},"excerpt":{"rendered":"<h3>Creaci\u00f3n de Entidades Deportivas<\/h3>\n<p>O <strong>Rexistro de Entidades Deportivas de Galicia<\/strong> ten por finalidade a inscrici\u00f3n das entidades deportivas reguladas na Lei 3\/2012, do 2 de abril, do deporte de Galicia, as\u00ed como de actos e datos relativos a estas, nos termos establecidos na lei.<\/p>\n<p>Deben remitirnos (subir arquivos):<\/p>\n<ul>\n<li>Copias dos DNI&#8217;s dos 5 socios fundadores da entidade<\/li>\n<li>Un escrito co tipo de entidade que desexan dar de alta: club deportivo\/ unha agrupaci\u00f3n deportiva escolar\/ unha secci\u00f3n deportiva\/ unha federaci\u00f3n deportiva<\/li>\n<li>Un escrito con 3 posibles nomes \/ denominaci\u00f3ns para a entidade (indicar a orde de preferencia)<\/li>\n<\/ul>\n","protected":false},"featured_media":32,"comment_status":"open","ping_status":"closed","template":"","meta":[],"product_brand":[],"product_cat":[21,16],"product_tag":[],"class_list":{"0":"post-31","1":"product","2":"type-product","3":"status-publish","4":"has-post-thumbnail","6":"product_cat-rexistro-entidades-deportivas","7":"product_cat-xestoria","9":"first","10":"instock","11":"virtual","12":"taxable","13":"purchasable","14":"product-type-simple"},"_links":{"self":[{"href":"https:\/\/grupo-fl.es\/tpv\/wp-json\/wp\/v2\/product\/31","targetHints":{"allow":["GET"]}}],"collection":[{"href":"https:\/\/grupo-fl.es\/tpv\/wp-json\/wp\/v2\/product"}],"about":[{"href":"https:\/\/grupo-fl.es\/tpv\/wp-json\/wp\/v2\/types\/product"}],"replies":[{"embeddable":true,"href":"https:\/\/grupo-fl.es\/tpv\/wp-json\/wp\/v2\/comments?post=31"}],"wp:featuredmedia":[{"embeddable":true,"href":"https:\/\/grupo-fl.es\/tpv\/wp-json\/wp\/v2\/media\/32"}],"wp:attachment":[{"href":"https:\/\/grupo-fl.es\/tpv\/wp-json\/wp\/v2\/media?parent=31"}],"wp:term":[{"taxonomy":"product_brand","embeddable":true,"href":"https:\/\/grupo-fl.es\/tpv\/wp-json\/wp\/v2\/product_brand?post=31"},{"taxonomy":"product_cat","embeddable":true,"href":"https:\/\/grupo-fl.es\/tpv\/wp-json\/wp\/v2\/product_cat?post=31"},{"taxonomy":"product_tag","embeddable":true,"href":"https:\/\/grupo-fl.es\/tpv\/wp-json\/wp\/v2\/product_tag?post=31"}],"curies":[{"name":"wp","href":"https:\/\/api.w.org\/{rel}","templated":true}]}}