{"id":49,"date":"2025-02-13T20:27:31","date_gmt":"2025-02-13T20:27:31","guid":{"rendered":"https:\/\/grupo-fl.es\/tpv\/?post_type=product&#038;p=49"},"modified":"2025-02-13T20:44:09","modified_gmt":"2025-02-13T20:44:09","slug":"cambios-de-xuntas-directivas-de-entidades","status":"publish","type":"product","link":"https:\/\/grupo-fl.es\/tpv\/producto\/cambios-de-xuntas-directivas-de-entidades\/","title":{"rendered":"Cambios de Xuntas Directivas de Entidades"},"content":{"rendered":"<h4>Cambios de Xuntas Directivas de Entidades<\/h4>\n<p>O cambio da xunta directiva dunha entidade deportiva debe inscribirse no <strong>Rexistro de Entidades Deportivas<\/strong> a trav\u00e9s do procedemento PR946A.<\/p>\n<p>Para iso, \u00e9 necesaria documentaci\u00f3n que acredite o nomeamento, a aceptaci\u00f3n dos\/das novos\/as titulares e a conformidade dos\/das sa\u00edntes.<\/p>\n<p>Ademais, \u00e9 fundamental informar \u00e1s Federaci\u00f3ns Deportivas correspondentes, \u00e1s entidades bancarias coas que opere a entidade e \u00e1 Axencia Tributaria para actualizar os datos e garantir a validez dos actos administrativos e financeiros.<\/p>\n<p>Este tr\u00e1mite asegura a continuidade legal da entidade e permite que a nova directiva poida xestionar con total validez as s\u00faas funci\u00f3ns e responsabilidades.<\/p>\n<ul>\n<li>Procesos electorais<\/li>\n<li>Proclamaci\u00f3n<\/li>\n<li>Documentaci\u00f3ns<\/li>\n<li>Rexistro Oficial<\/li>\n<li>Documentos para cambios nas entidades financeiras<\/li>\n<li>Documentaci\u00f3n para informaci\u00f3n da Federaci\u00f3n correspondente<\/li>\n<li>Modificaci\u00f3ns en Facenda<\/li>\n<li>Honorarios e taxas<\/li>\n<\/ul>\n","protected":false},"excerpt":{"rendered":"<h4>Cambios de Xuntas Directivas de Entidades<\/h4>\n<p>O cambio da xunta directiva dunha entidade deportiva debe inscribirse no <strong>Rexistro de Entidades Deportivas<\/strong> a trav\u00e9s do procedemento PR946A.<\/p>\n<p>Para iso, \u00e9 necesaria documentaci\u00f3n que acredite o nomeamento, a aceptaci\u00f3n dos\/das novos\/as titulares e a conformidade dos\/das sa\u00edntes.<\/p>\n<p>Ademais, \u00e9 fundamental informar \u00e1s Federaci\u00f3ns Deportivas correspondentes, \u00e1s entidades bancarias coas que opere a entidade e \u00e1 Axencia Tributaria para actualizar os datos e garantir a validez dos actos administrativos e financeiros.<\/p>\n<p>Este tr\u00e1mite asegura a continuidade legal da entidade e permite que a nova directiva poida xestionar con total validez as s\u00faas funci\u00f3ns e responsabilidades.<\/p>\n<p>Incl\u00fae honorarios, suplidos e taxas.<\/p>\n","protected":false},"featured_media":51,"comment_status":"open","ping_status":"closed","template":"","meta":[],"product_brand":[],"product_cat":[21,16],"product_tag":[],"class_list":{"0":"post-49","1":"product","2":"type-product","3":"status-publish","4":"has-post-thumbnail","6":"product_cat-rexistro-entidades-deportivas","7":"product_cat-xestoria","9":"first","10":"instock","11":"downloadable","12":"virtual","13":"taxable","14":"purchasable","15":"product-type-simple"},"_links":{"self":[{"href":"https:\/\/grupo-fl.es\/tpv\/wp-json\/wp\/v2\/product\/49","targetHints":{"allow":["GET"]}}],"collection":[{"href":"https:\/\/grupo-fl.es\/tpv\/wp-json\/wp\/v2\/product"}],"about":[{"href":"https:\/\/grupo-fl.es\/tpv\/wp-json\/wp\/v2\/types\/product"}],"replies":[{"embeddable":true,"href":"https:\/\/grupo-fl.es\/tpv\/wp-json\/wp\/v2\/comments?post=49"}],"wp:featuredmedia":[{"embeddable":true,"href":"https:\/\/grupo-fl.es\/tpv\/wp-json\/wp\/v2\/media\/51"}],"wp:attachment":[{"href":"https:\/\/grupo-fl.es\/tpv\/wp-json\/wp\/v2\/media?parent=49"}],"wp:term":[{"taxonomy":"product_brand","embeddable":true,"href":"https:\/\/grupo-fl.es\/tpv\/wp-json\/wp\/v2\/product_brand?post=49"},{"taxonomy":"product_cat","embeddable":true,"href":"https:\/\/grupo-fl.es\/tpv\/wp-json\/wp\/v2\/product_cat?post=49"},{"taxonomy":"product_tag","embeddable":true,"href":"https:\/\/grupo-fl.es\/tpv\/wp-json\/wp\/v2\/product_tag?post=49"}],"curies":[{"name":"wp","href":"https:\/\/api.w.org\/{rel}","templated":true}]}}