{"id":55,"date":"2025-02-13T21:12:33","date_gmt":"2025-02-13T21:12:33","guid":{"rendered":"https:\/\/grupo-fl.es\/tpv\/?post_type=product&#038;p=55"},"modified":"2025-02-13T21:18:36","modified_gmt":"2025-02-13T21:18:36","slug":"certificado-dixital-de-asociacions-e-entidades-deportivas-sen-animo-de-lucro","status":"publish","type":"product","link":"https:\/\/grupo-fl.es\/tpv\/producto\/certificado-dixital-de-asociacions-e-entidades-deportivas-sen-animo-de-lucro\/","title":{"rendered":"Certificado Dixital de Asociaci\u00f3ns e Entidades Deportivas (sen \u00e1nimo de lucro)"},"content":{"rendered":"<h4 data-start=\"0\" data-end=\"67\">Certificado Dixital de Asociaci\u00f3ns e Entidades Deportivas (sen \u00e1nimo de lucro)<\/h4>\n<p data-start=\"0\" data-end=\"67\"><strong data-start=\"0\" data-end=\"65\">Consigue o teu certificado dixital de asociaci\u00f3ns en 4 pasos:<\/strong><\/p>\n<ol data-start=\"69\" data-end=\"480\">\n<li>Enche os datos requiridos e achega os documentos necesarios no campo \u00abXuntar Arquivo\u00bb.<\/li>\n<li data-start=\"69\" data-end=\"119\">Engade o tr\u00e1mite \u00e1 cesta e finaliza a compra.<\/li>\n<li data-start=\"120\" data-end=\"211\">Realiza o pagamento e recibir\u00e1s un correo electr\u00f3nico co xustificante do tr\u00e1mite.<\/li>\n<li data-start=\"299\" data-end=\"480\">Unha vez xestionado, <strong>FL Consultores<\/strong> porase en contacto contigo para asinar o Certificado Dixital de maneira presencial con n\u00f3s ou noutro punto de verificaci\u00f3n que che proporcionaremos.<\/li>\n<\/ol>\n<p data-start=\"482\" data-end=\"509\"><strong data-start=\"482\" data-end=\"507\">Documentos a achegar:<\/strong><\/p>\n<ul data-start=\"510\" data-end=\"735\" data-is-last-node=\"\">\n<li data-start=\"510\" data-end=\"554\">Escritura de constituci\u00f3n da asociaci\u00f3n.<\/li>\n<li data-start=\"555\" data-end=\"585\">Tarxeta NIF da asociaci\u00f3n.<\/li>\n<li data-start=\"586\" data-end=\"639\">Copia do DNI dos\/as representantes da asociaci\u00f3n.<\/li>\n<li data-start=\"640\" data-end=\"735\" data-is-last-node=\"\">Copia da nota de inscrici\u00f3n no Rexistro da Xunta de Galicia correspondente.<\/li>\n<\/ul>\n","protected":false},"excerpt":{"rendered":"<h4 data-start=\"0\" data-end=\"67\">Certificado Dixital de Asociaci\u00f3ns e Entidades Deportivas (sen \u00e1nimo de lucro)<\/h4>\n<p><strong>O certificado dixital de asociaci\u00f3ns<\/strong> \u00e9 o documento electr\u00f3nico que permite a autenticaci\u00f3n en li\u00f1a dunha asociaci\u00f3n ou entidade sen \u00e1nimo de lucro a trav\u00e9s do seu representante. Este certificado \u00e9 v\u00e1lido para entidades con <strong>NIF letra G (Asociaci\u00f3ns).<\/strong><\/p>\n<p><strong>Anos de validez<\/strong><br \/>\nOs certificados te\u00f1en unha validez de 1 ano por defecto. Por cada ano adicional o prezo incrementarase pero cun pequeno desconto.<\/p>\n<p><strong>Documentos necesarios<br \/>\n<\/strong>Revise m\u00e1is abaixo os documentos necesarios para este tr\u00e1mite. Se ten d\u00fabidas contacte con FL Consultores.<\/p>\n","protected":false},"featured_media":28,"comment_status":"open","ping_status":"closed","template":"","meta":[],"product_brand":[],"product_cat":[20,16],"product_tag":[],"class_list":{"0":"post-55","1":"product","2":"type-product","3":"status-publish","4":"has-post-thumbnail","6":"product_cat-certificados-dixitais","7":"product_cat-xestoria","9":"first","10":"instock","11":"sold-individually","12":"taxable","13":"shipping-taxable","14":"purchasable","15":"product-type-variable"},"_links":{"self":[{"href":"https:\/\/grupo-fl.es\/tpv\/wp-json\/wp\/v2\/product\/55","targetHints":{"allow":["GET"]}}],"collection":[{"href":"https:\/\/grupo-fl.es\/tpv\/wp-json\/wp\/v2\/product"}],"about":[{"href":"https:\/\/grupo-fl.es\/tpv\/wp-json\/wp\/v2\/types\/product"}],"replies":[{"embeddable":true,"href":"https:\/\/grupo-fl.es\/tpv\/wp-json\/wp\/v2\/comments?post=55"}],"wp:featuredmedia":[{"embeddable":true,"href":"https:\/\/grupo-fl.es\/tpv\/wp-json\/wp\/v2\/media\/28"}],"wp:attachment":[{"href":"https:\/\/grupo-fl.es\/tpv\/wp-json\/wp\/v2\/media?parent=55"}],"wp:term":[{"taxonomy":"product_brand","embeddable":true,"href":"https:\/\/grupo-fl.es\/tpv\/wp-json\/wp\/v2\/product_brand?post=55"},{"taxonomy":"product_cat","embeddable":true,"href":"https:\/\/grupo-fl.es\/tpv\/wp-json\/wp\/v2\/product_cat?post=55"},{"taxonomy":"product_tag","embeddable":true,"href":"https:\/\/grupo-fl.es\/tpv\/wp-json\/wp\/v2\/product_tag?post=55"}],"curies":[{"name":"wp","href":"https:\/\/api.w.org\/{rel}","templated":true}]}}