{"id":64,"date":"2025-02-15T13:26:36","date_gmt":"2025-02-15T13:26:36","guid":{"rendered":"https:\/\/grupo-fl.es\/tpv\/?post_type=product&#038;p=64"},"modified":"2025-02-16T11:41:41","modified_gmt":"2025-02-16T11:41:41","slug":"servizo-de-implantacion-do-protocolo-de-proteccion-a-infancia-no-deporte","status":"publish","type":"product","link":"https:\/\/grupo-fl.es\/tpv\/producto\/servizo-de-implantacion-do-protocolo-de-proteccion-a-infancia-no-deporte\/","title":{"rendered":"Servizo de implantaci\u00f3n do Protocolo de Protecci\u00f3n \u00e1 Infancia no Deporte"},"content":{"rendered":"<h4>Servizo de implantaci\u00f3n do Protocolo de Protecci\u00f3n \u00e1 Infancia no Deporte<\/h4>\n<p>Coa aprobaci\u00f3n do novo Protocolo de Protecci\u00f3n dos Nenos, Nenas e Adolescentes fronte \u00e1 violencia no deporte en Galicia, todas as entidades deportivas deben adaptarse a esta normativa de obrigado cumprimento. Ofrecemos un servizo especializado para a correcta implantaci\u00f3n do protocolo, asegurando que o teu club ou federaci\u00f3n cumpra cos requisitos legais establecidos pola Xunta de Galicia.<\/p>\n<p>En <strong>FL Consultores<\/strong> axud\u00e1mosche a cumprir coa nova normativa de protecci\u00f3n \u00e1 infancia no \u00e1mbito deportivo en Galicia. Encarg\u00e1monos da redacci\u00f3n da documentaci\u00f3n inicial e da tramitaci\u00f3n do rexistro ante a Xunta de Galicia, asegurando que o teu club ou entidade deportiva cumpra cos requisitos esixidos. Simplificamos o proceso para que te centres no m\u00e1is importante: ofrecer un espazo seguro e de respecto para os menores.<\/p>\n<p>Incl\u00fae honorarios e taxas.<\/p>\n","protected":false},"excerpt":{"rendered":"<h4>Servizo de implantaci\u00f3n do Protocolo de Protecci\u00f3n \u00e1 Infancia no Deporte<\/h4>\n<p>En <strong>FL Consultores<\/strong> axud\u00e1mosche a cumprir coa nova normativa de protecci\u00f3n \u00e1 infancia no \u00e1mbito deportivo en Galicia. Encarg\u00e1monos da redacci\u00f3n da documentaci\u00f3n inicial e da tramitaci\u00f3n do rexistro ante a Xunta de Galicia, asegurando que o teu club ou entidade deportiva cumpra cos requisitos esixidos. Simplificamos o proceso para que te centres no m\u00e1is importante: ofrecer un espazo seguro e de respecto para os menores.<\/p>\n<p>Incl\u00fae honorarios e taxas.<\/p>\n","protected":false},"featured_media":65,"comment_status":"open","ping_status":"closed","template":"","meta":[],"product_brand":[],"product_cat":[21,16],"product_tag":[25],"class_list":{"0":"post-64","1":"product","2":"type-product","3":"status-publish","4":"has-post-thumbnail","6":"product_cat-rexistro-entidades-deportivas","7":"product_cat-xestoria","8":"product_tag-protocolo","10":"first","11":"instock","12":"virtual","13":"taxable","14":"purchasable","15":"product-type-simple"},"_links":{"self":[{"href":"https:\/\/grupo-fl.es\/tpv\/wp-json\/wp\/v2\/product\/64","targetHints":{"allow":["GET"]}}],"collection":[{"href":"https:\/\/grupo-fl.es\/tpv\/wp-json\/wp\/v2\/product"}],"about":[{"href":"https:\/\/grupo-fl.es\/tpv\/wp-json\/wp\/v2\/types\/product"}],"replies":[{"embeddable":true,"href":"https:\/\/grupo-fl.es\/tpv\/wp-json\/wp\/v2\/comments?post=64"}],"wp:featuredmedia":[{"embeddable":true,"href":"https:\/\/grupo-fl.es\/tpv\/wp-json\/wp\/v2\/media\/65"}],"wp:attachment":[{"href":"https:\/\/grupo-fl.es\/tpv\/wp-json\/wp\/v2\/media?parent=64"}],"wp:term":[{"taxonomy":"product_brand","embeddable":true,"href":"https:\/\/grupo-fl.es\/tpv\/wp-json\/wp\/v2\/product_brand?post=64"},{"taxonomy":"product_cat","embeddable":true,"href":"https:\/\/grupo-fl.es\/tpv\/wp-json\/wp\/v2\/product_cat?post=64"},{"taxonomy":"product_tag","embeddable":true,"href":"https:\/\/grupo-fl.es\/tpv\/wp-json\/wp\/v2\/product_tag?post=64"}],"curies":[{"name":"wp","href":"https:\/\/api.w.org\/{rel}","templated":true}]}}